{"id":1258,"date":"2019-03-15T11:12:31","date_gmt":"2019-03-15T10:12:31","guid":{"rendered":"http:\/\/prixjeanfrancoisprat.com\/?page_id=1258"},"modified":"2019-03-15T11:12:32","modified_gmt":"2019-03-15T10:12:32","slug":"jean-denis-bredin-testimonial","status":"publish","type":"page","link":"https:\/\/prixjeanfrancoisprat.com\/en\/jean-denis-bredin-testimonial\/","title":{"rendered":"Jean-Denis Bredin testimonial"},"content":{"rendered":"\n<p>Jean\u2010Fran\u00e7ois Prat! It was in March 2011 that our friend, our pilot, suddenly left us. He went just as he had come, and just as he had lived, so discreetly, not wanting ever to embarrass anyone, and each of us has, collectively and alone, around his son, our dear S\u00e9bastien, tried to mourn our loss. <\/p>\n\n\n\n<p>He was a brilliant lawyer, a lawyer who from a very early age unders\u2010 tood the world of business and business law, who quickly grasped the challenges of a changing world. He was also an outstanding negotia\u2010 tor, a discerning and rigorous adviser and a lawyer whose expertise, which evolved in rhythm with progress, custom, legislation and case law, was soon renowned; and he was also a lawyer who pleaded ad\u2010 mirably, simply and without bravado, mastering, as few lawyers know how, the art of persuasion. <\/p>\n\n\n\n<p>\n\nHe was the one who, over the years, nurtured our firm, with rigour and firmness, and\nled it ardently, without ever compromising simply to please. It was Marie\u2010Aline and he\nwho introduced us to contemporary art. Personally, I only knew of the grand masters.\nIn Jean\u2010Fran\u00e7ois\u02bc office, and then on the walls of our firm, we discovered fine\nworks\u2010of\u2010art. Jean\u2010Fran\u00e7ois would describe the artist and the secrets of their work. At\nMarie\u2010Aline and Jean\u2010Fran\u00e7ois\u02bc home, I was privileged to disco\u2010 ver others, and they\nboth spoke, with passion and talent, about the artworks in their collection.\n\n<\/p>\n\n\n\n<p>It was this shared passion which led us, Didier Martin (who kindly accepted to take over from Jean\u2010Fran\u00e7ois the mantle of our firm), all of us, his partners, to create this Prize. In associating his name with creators of an art that he knew so well and loved so much, we believe that we will serve his memory as he would no doubt have wished. <\/p>\n\n\n\n<p class=\"has-small-font-size\">Jean-Denis Bredin is one of the founding partners of Bredin Prat lawfirm. He is also a widely published writer, scholar and a member of the Acad\u00e9mie fran\u00e7aise. Former professor of private international law at the University of Paris Law School. He has graduated at the University of Paris, Sorbonne (Licence, 1949) and the University of Paris Law School (doctorat en droit, 1950; agr\u00e9g\u00e9 des facult\u00e9s de droit, 1957). Mr. Bredin is a member of the Paris Bar (1953) &amp; of the French committee of Intl Law. <\/p>\n","protected":false},"excerpt":{"rendered":"<p>Jean\u2010Fran\u00e7ois Prat! It was in March 2011 that our friend, our pilot, suddenly left us. [&hellip;]<\/p>\n","protected":false},"author":2,"featured_media":0,"parent":0,"menu_order":0,"comment_status":"closed","ping_status":"closed","template":"gabarit-temoignage.php","meta":{"_acf_changed":false,"_exactmetrics_skip_tracking":false,"_exactmetrics_sitenote_active":false,"_exactmetrics_sitenote_note":"","_exactmetrics_sitenote_category":0,"footnotes":""},"class_list":["post-1258","page","type-page","status-publish","hentry"],"acf":[],"yoast_head":"<!-- This site is optimized with the Yoast SEO plugin v26.9 - https:\/\/yoast.com\/product\/yoast-seo-wordpress\/ -->\n<title>Jean-Denis Bredin testimonial - Prix Jean Fran\u00e7ois Prat<\/title>\n<meta name=\"robots\" content=\"index, follow, max-snippet:-1, max-image-preview:large, max-video-preview:-1\" \/>\n<link rel=\"canonical\" href=\"https:\/\/prixjeanfrancoisprat.com\/en\/jean-denis-bredin-testimonial\/\" \/>\n<meta property=\"og:locale\" content=\"en_US\" \/>\n<meta property=\"og:type\" content=\"article\" \/>\n<meta property=\"og:title\" content=\"Jean-Denis Bredin testimonial - Prix Jean Fran\u00e7ois Prat\" \/>\n<meta property=\"og:description\" content=\"Jean\u2010Fran\u00e7ois Prat! It was in March 2011 that our friend, our pilot, suddenly left us. [&hellip;]\" \/>\n<meta property=\"og:url\" content=\"https:\/\/prixjeanfrancoisprat.com\/en\/jean-denis-bredin-testimonial\/\" \/>\n<meta property=\"og:site_name\" content=\"Prix Jean Fran\u00e7ois Prat\" \/>\n<meta property=\"article:modified_time\" content=\"2019-03-15T10:12:32+00:00\" \/>\n<meta name=\"twitter:card\" content=\"summary_large_image\" \/>\n<meta name=\"twitter:label1\" content=\"Est. reading time\" \/>\n\t<meta name=\"twitter:data1\" content=\"2 minutes\" \/>\n<script type=\"application\/ld+json\" class=\"yoast-schema-graph\">{\"@context\":\"https:\/\/schema.org\",\"@graph\":[{\"@type\":\"WebPage\",\"@id\":\"https:\/\/prixjeanfrancoisprat.com\/en\/jean-denis-bredin-testimonial\/\",\"url\":\"https:\/\/prixjeanfrancoisprat.com\/en\/jean-denis-bredin-testimonial\/\",\"name\":\"Jean-Denis Bredin testimonial - Prix Jean Fran\u00e7ois Prat\",\"isPartOf\":{\"@id\":\"https:\/\/prixjeanfrancoisprat.com\/#website\"},\"datePublished\":\"2019-03-15T10:12:31+00:00\",\"dateModified\":\"2019-03-15T10:12:32+00:00\",\"breadcrumb\":{\"@id\":\"https:\/\/prixjeanfrancoisprat.com\/en\/jean-denis-bredin-testimonial\/#breadcrumb\"},\"inLanguage\":\"en-US\",\"potentialAction\":[{\"@type\":\"ReadAction\",\"target\":[\"https:\/\/prixjeanfrancoisprat.com\/en\/jean-denis-bredin-testimonial\/\"]}]},{\"@type\":\"BreadcrumbList\",\"@id\":\"https:\/\/prixjeanfrancoisprat.com\/en\/jean-denis-bredin-testimonial\/#breadcrumb\",\"itemListElement\":[{\"@type\":\"ListItem\",\"position\":1,\"name\":\"Accueil\",\"item\":\"https:\/\/prixjeanfrancoisprat.com\/en\/\"},{\"@type\":\"ListItem\",\"position\":2,\"name\":\"Jean-Denis Bredin testimonial\"}]},{\"@type\":\"WebSite\",\"@id\":\"https:\/\/prixjeanfrancoisprat.com\/#website\",\"url\":\"https:\/\/prixjeanfrancoisprat.com\/\",\"name\":\"Prix Jean Fran\u00e7ois Prat\",\"description\":\"\",\"publisher\":{\"@id\":\"https:\/\/prixjeanfrancoisprat.com\/#organization\"},\"potentialAction\":[{\"@type\":\"SearchAction\",\"target\":{\"@type\":\"EntryPoint\",\"urlTemplate\":\"https:\/\/prixjeanfrancoisprat.com\/?s={search_term_string}\"},\"query-input\":{\"@type\":\"PropertyValueSpecification\",\"valueRequired\":true,\"valueName\":\"search_term_string\"}}],\"inLanguage\":\"en-US\"},{\"@type\":\"Organization\",\"@id\":\"https:\/\/prixjeanfrancoisprat.com\/#organization\",\"name\":\"Prix Jean Fran\u00e7ois Prat\",\"url\":\"https:\/\/prixjeanfrancoisprat.com\/\",\"logo\":{\"@type\":\"ImageObject\",\"inLanguage\":\"en-US\",\"@id\":\"https:\/\/prixjeanfrancoisprat.com\/#\/schema\/logo\/image\/\",\"url\":\"https:\/\/prixjeanfrancoisprat.com\/wp-content\/uploads\/2025\/05\/cropped-cropped-Capture-decran-2025-05-13-a-19.34.16-1.png\",\"contentUrl\":\"https:\/\/prixjeanfrancoisprat.com\/wp-content\/uploads\/2025\/05\/cropped-cropped-Capture-decran-2025-05-13-a-19.34.16-1.png\",\"width\":1646,\"height\":328,\"caption\":\"Prix Jean Fran\u00e7ois Prat\"},\"image\":{\"@id\":\"https:\/\/prixjeanfrancoisprat.com\/#\/schema\/logo\/image\/\"}}]}<\/script>\n<!-- \/ Yoast SEO plugin. -->","yoast_head_json":{"title":"Jean-Denis Bredin testimonial - Prix Jean Fran\u00e7ois Prat","robots":{"index":"index","follow":"follow","max-snippet":"max-snippet:-1","max-image-preview":"max-image-preview:large","max-video-preview":"max-video-preview:-1"},"canonical":"https:\/\/prixjeanfrancoisprat.com\/en\/jean-denis-bredin-testimonial\/","og_locale":"en_US","og_type":"article","og_title":"Jean-Denis Bredin testimonial - Prix Jean Fran\u00e7ois Prat","og_description":"Jean\u2010Fran\u00e7ois Prat! It was in March 2011 that our friend, our pilot, suddenly left us. [&hellip;]","og_url":"https:\/\/prixjeanfrancoisprat.com\/en\/jean-denis-bredin-testimonial\/","og_site_name":"Prix Jean Fran\u00e7ois Prat","article_modified_time":"2019-03-15T10:12:32+00:00","twitter_card":"summary_large_image","twitter_misc":{"Est. reading time":"2 minutes"},"schema":{"@context":"https:\/\/schema.org","@graph":[{"@type":"WebPage","@id":"https:\/\/prixjeanfrancoisprat.com\/en\/jean-denis-bredin-testimonial\/","url":"https:\/\/prixjeanfrancoisprat.com\/en\/jean-denis-bredin-testimonial\/","name":"Jean-Denis Bredin testimonial - Prix Jean Fran\u00e7ois Prat","isPartOf":{"@id":"https:\/\/prixjeanfrancoisprat.com\/#website"},"datePublished":"2019-03-15T10:12:31+00:00","dateModified":"2019-03-15T10:12:32+00:00","breadcrumb":{"@id":"https:\/\/prixjeanfrancoisprat.com\/en\/jean-denis-bredin-testimonial\/#breadcrumb"},"inLanguage":"en-US","potentialAction":[{"@type":"ReadAction","target":["https:\/\/prixjeanfrancoisprat.com\/en\/jean-denis-bredin-testimonial\/"]}]},{"@type":"BreadcrumbList","@id":"https:\/\/prixjeanfrancoisprat.com\/en\/jean-denis-bredin-testimonial\/#breadcrumb","itemListElement":[{"@type":"ListItem","position":1,"name":"Accueil","item":"https:\/\/prixjeanfrancoisprat.com\/en\/"},{"@type":"ListItem","position":2,"name":"Jean-Denis Bredin testimonial"}]},{"@type":"WebSite","@id":"https:\/\/prixjeanfrancoisprat.com\/#website","url":"https:\/\/prixjeanfrancoisprat.com\/","name":"Prix Jean Fran\u00e7ois Prat","description":"","publisher":{"@id":"https:\/\/prixjeanfrancoisprat.com\/#organization"},"potentialAction":[{"@type":"SearchAction","target":{"@type":"EntryPoint","urlTemplate":"https:\/\/prixjeanfrancoisprat.com\/?s={search_term_string}"},"query-input":{"@type":"PropertyValueSpecification","valueRequired":true,"valueName":"search_term_string"}}],"inLanguage":"en-US"},{"@type":"Organization","@id":"https:\/\/prixjeanfrancoisprat.com\/#organization","name":"Prix Jean Fran\u00e7ois Prat","url":"https:\/\/prixjeanfrancoisprat.com\/","logo":{"@type":"ImageObject","inLanguage":"en-US","@id":"https:\/\/prixjeanfrancoisprat.com\/#\/schema\/logo\/image\/","url":"https:\/\/prixjeanfrancoisprat.com\/wp-content\/uploads\/2025\/05\/cropped-cropped-Capture-decran-2025-05-13-a-19.34.16-1.png","contentUrl":"https:\/\/prixjeanfrancoisprat.com\/wp-content\/uploads\/2025\/05\/cropped-cropped-Capture-decran-2025-05-13-a-19.34.16-1.png","width":1646,"height":328,"caption":"Prix Jean Fran\u00e7ois Prat"},"image":{"@id":"https:\/\/prixjeanfrancoisprat.com\/#\/schema\/logo\/image\/"}}]}},"_links":{"self":[{"href":"https:\/\/prixjeanfrancoisprat.com\/en\/wp-json\/wp\/v2\/pages\/1258","targetHints":{"allow":["GET"]}}],"collection":[{"href":"https:\/\/prixjeanfrancoisprat.com\/en\/wp-json\/wp\/v2\/pages"}],"about":[{"href":"https:\/\/prixjeanfrancoisprat.com\/en\/wp-json\/wp\/v2\/types\/page"}],"author":[{"embeddable":true,"href":"https:\/\/prixjeanfrancoisprat.com\/en\/wp-json\/wp\/v2\/users\/2"}],"replies":[{"embeddable":true,"href":"https:\/\/prixjeanfrancoisprat.com\/en\/wp-json\/wp\/v2\/comments?post=1258"}],"version-history":[{"count":1,"href":"https:\/\/prixjeanfrancoisprat.com\/en\/wp-json\/wp\/v2\/pages\/1258\/revisions"}],"predecessor-version":[{"id":1266,"href":"https:\/\/prixjeanfrancoisprat.com\/en\/wp-json\/wp\/v2\/pages\/1258\/revisions\/1266"}],"wp:attachment":[{"href":"https:\/\/prixjeanfrancoisprat.com\/en\/wp-json\/wp\/v2\/media?parent=1258"}],"curies":[{"name":"wp","href":"https:\/\/api.w.org\/{rel}","templated":true}]}}