{"id":1262,"date":"2019-03-15T11:19:44","date_gmt":"2019-03-15T10:19:44","guid":{"rendered":"http:\/\/prixjeanfrancoisprat.com\/?page_id=1262"},"modified":"2019-03-15T11:19:45","modified_gmt":"2019-03-15T10:19:45","slug":"robert-saint-esteben-testimonial","status":"publish","type":"page","link":"https:\/\/prixjeanfrancoisprat.com\/en\/robert-saint-esteben-testimonial\/","title":{"rendered":"Robert Saint-Esteben testimonial"},"content":{"rendered":"\n<p>It was totally unreasonable to ask me to prepare this introduction to the second edition of the Jean-Fran\u00e7ois Prat Prize. <\/p>\n\n\n\n<p>Was it not Jean-Fran\u00e7ois who would enjoy gently teasing me about my office\u02bcs eclectic decor, too tinged with regionalism for his liking, and so unlike the trends in contemporary art about which he was so passionate? Moreover, how can I write about Jean-Fran\u00e7ois after the so aptly and brilliantly chosen words of Jean-Denis Bredin in the first edition? In court, it is a well-known fact that no one can appear after such a Lawyer without suffering great damage\u2026 <\/p>\n\n\n\n<p>At the same time, it is impossible not to attempt to express, even very awkwardly, what Jean-Fran\u00e7ois represented for someone who has spent, right from the very first day, his entire career as avocat working alongside him in this same firm which owes him so much.  <\/p>\n\n\n\n<p>For the associate that I was first of all, then partner for decades, he was always a model, even if his modesty led him to claim, against all the evidence, that he needed others, as he considered himself a very average lawyer. <\/p>\n\n\n\n<p>He was not only a model as a lawyer, with dazzling analytical intelligence, but he was also a model as a man. There was his loyalty first of all to the firm whose development and continuity were a concern for him above all else. He would even sacrifice his ego by, for example, systematically giving priority to the youngest partner when faced with conflicts of interest.  <\/p>\n\n\n\n<p>This is because Jean-Fran\u00e7ois was fundamentally good, even if he did his best to hide it behind a mask of more or less gruff severity, an unconvincing game which in fact fooled no one. <\/p>\n\n\n\n<p>Highly professional, good, passionately fond of the arts, he was the honn\u00eate homme of our era without the fawning spirit of that of centuries ago. <\/p>\n\n\n\n<p>As for the arts enthusiast, I am thinking paradoxically here of the music lover who steadfastly tried, more or less successfully, to communicate to me his passion for opera, especially Italian opera, which clearly touched his deepest roots. <\/p>\n\n\n\n<p>What friendly battles we would have together on these subjects! I remember his harsh reaction when I expressed my satisfaction that cinema \u2013 even if it was also one of his passions \u2013 had appropriated certain works of opera, that being for him a sacrilege defying all common sense. But also what immense joy he gave me when, in my early days just after joining the firm, after an arbitration hearing he took me off on a frantic race through the streets of Vienna to see, standing at the back of the stalls of the Opera House, a production of La Clemenza di Tito. I then listened with admiration to his critical analysis, which was as brilliant as his demonstration before the arbitrators just a few hours earlier. 2 This is because with Jean-Fran\u00e7ois, art was never very far from pleading in court. <\/p>\n\n\n\n<p>This is because with Jean-Fran\u00e7ois, art was never very far from pleading in court. <\/p>\n\n\n\n<p>Jean-Fran\u00e7ois, we had promised not to leave each other\u2026 Why, just once, did you not keep your word, in that dark month of March? <\/p>\n\n\n\n<p class=\"has-small-font-size\">Robert Saint-Esteben, a partner at Bredin Prat, is the head of the firm\u02bcs competition practice. Consistently ranked first among European competition lawyers in international guides, he has established a substantial experience in commercial litigation and arbitration too. Mr. Saint-Estebenholds degrees from the University of Parislaw school; the Ecole nationale des imp\u00f4ts and the Centre universitaire d\u02bc\u00e9tudes des communaut\u00e9s europ\u00e9ennes, CEE. <\/p>\n","protected":false},"excerpt":{"rendered":"<p>It was totally unreasonable to ask me to prepare this introduction to the second edition [&hellip;]<\/p>\n","protected":false},"author":2,"featured_media":0,"parent":0,"menu_order":0,"comment_status":"closed","ping_status":"closed","template":"gabarit-temoignage.php","meta":{"_acf_changed":false,"_exactmetrics_skip_tracking":false,"_exactmetrics_sitenote_active":false,"_exactmetrics_sitenote_note":"","_exactmetrics_sitenote_category":0,"footnotes":""},"class_list":["post-1262","page","type-page","status-publish","hentry"],"acf":[],"yoast_head":"<!-- This site is optimized with the Yoast SEO plugin v26.9 - https:\/\/yoast.com\/product\/yoast-seo-wordpress\/ -->\n<title>Robert Saint-Esteben testimonial - Prix Jean Fran\u00e7ois Prat<\/title>\n<meta name=\"robots\" content=\"index, follow, max-snippet:-1, max-image-preview:large, max-video-preview:-1\" \/>\n<link rel=\"canonical\" href=\"https:\/\/prixjeanfrancoisprat.com\/en\/robert-saint-esteben-testimonial\/\" \/>\n<meta property=\"og:locale\" content=\"en_US\" \/>\n<meta property=\"og:type\" content=\"article\" \/>\n<meta property=\"og:title\" content=\"Robert Saint-Esteben testimonial - Prix Jean Fran\u00e7ois Prat\" \/>\n<meta property=\"og:description\" content=\"It was totally unreasonable to ask me to prepare this introduction to the second edition [&hellip;]\" \/>\n<meta property=\"og:url\" content=\"https:\/\/prixjeanfrancoisprat.com\/en\/robert-saint-esteben-testimonial\/\" \/>\n<meta property=\"og:site_name\" content=\"Prix Jean Fran\u00e7ois Prat\" \/>\n<meta property=\"article:modified_time\" content=\"2019-03-15T10:19:45+00:00\" \/>\n<meta name=\"twitter:card\" content=\"summary_large_image\" \/>\n<meta name=\"twitter:label1\" content=\"Est. reading time\" \/>\n\t<meta name=\"twitter:data1\" content=\"3 minutes\" \/>\n<script type=\"application\/ld+json\" class=\"yoast-schema-graph\">{\"@context\":\"https:\/\/schema.org\",\"@graph\":[{\"@type\":\"WebPage\",\"@id\":\"https:\/\/prixjeanfrancoisprat.com\/en\/robert-saint-esteben-testimonial\/\",\"url\":\"https:\/\/prixjeanfrancoisprat.com\/en\/robert-saint-esteben-testimonial\/\",\"name\":\"Robert Saint-Esteben testimonial - Prix Jean Fran\u00e7ois Prat\",\"isPartOf\":{\"@id\":\"https:\/\/prixjeanfrancoisprat.com\/#website\"},\"datePublished\":\"2019-03-15T10:19:44+00:00\",\"dateModified\":\"2019-03-15T10:19:45+00:00\",\"breadcrumb\":{\"@id\":\"https:\/\/prixjeanfrancoisprat.com\/en\/robert-saint-esteben-testimonial\/#breadcrumb\"},\"inLanguage\":\"en-US\",\"potentialAction\":[{\"@type\":\"ReadAction\",\"target\":[\"https:\/\/prixjeanfrancoisprat.com\/en\/robert-saint-esteben-testimonial\/\"]}]},{\"@type\":\"BreadcrumbList\",\"@id\":\"https:\/\/prixjeanfrancoisprat.com\/en\/robert-saint-esteben-testimonial\/#breadcrumb\",\"itemListElement\":[{\"@type\":\"ListItem\",\"position\":1,\"name\":\"Accueil\",\"item\":\"https:\/\/prixjeanfrancoisprat.com\/en\/\"},{\"@type\":\"ListItem\",\"position\":2,\"name\":\"Robert Saint-Esteben testimonial\"}]},{\"@type\":\"WebSite\",\"@id\":\"https:\/\/prixjeanfrancoisprat.com\/#website\",\"url\":\"https:\/\/prixjeanfrancoisprat.com\/\",\"name\":\"Prix Jean Fran\u00e7ois Prat\",\"description\":\"\",\"publisher\":{\"@id\":\"https:\/\/prixjeanfrancoisprat.com\/#organization\"},\"potentialAction\":[{\"@type\":\"SearchAction\",\"target\":{\"@type\":\"EntryPoint\",\"urlTemplate\":\"https:\/\/prixjeanfrancoisprat.com\/?s={search_term_string}\"},\"query-input\":{\"@type\":\"PropertyValueSpecification\",\"valueRequired\":true,\"valueName\":\"search_term_string\"}}],\"inLanguage\":\"en-US\"},{\"@type\":\"Organization\",\"@id\":\"https:\/\/prixjeanfrancoisprat.com\/#organization\",\"name\":\"Prix Jean Fran\u00e7ois Prat\",\"url\":\"https:\/\/prixjeanfrancoisprat.com\/\",\"logo\":{\"@type\":\"ImageObject\",\"inLanguage\":\"en-US\",\"@id\":\"https:\/\/prixjeanfrancoisprat.com\/#\/schema\/logo\/image\/\",\"url\":\"https:\/\/prixjeanfrancoisprat.com\/wp-content\/uploads\/2025\/05\/cropped-cropped-Capture-decran-2025-05-13-a-19.34.16-1.png\",\"contentUrl\":\"https:\/\/prixjeanfrancoisprat.com\/wp-content\/uploads\/2025\/05\/cropped-cropped-Capture-decran-2025-05-13-a-19.34.16-1.png\",\"width\":1646,\"height\":328,\"caption\":\"Prix Jean Fran\u00e7ois Prat\"},\"image\":{\"@id\":\"https:\/\/prixjeanfrancoisprat.com\/#\/schema\/logo\/image\/\"}}]}<\/script>\n<!-- \/ Yoast SEO plugin. -->","yoast_head_json":{"title":"Robert Saint-Esteben testimonial - Prix Jean Fran\u00e7ois Prat","robots":{"index":"index","follow":"follow","max-snippet":"max-snippet:-1","max-image-preview":"max-image-preview:large","max-video-preview":"max-video-preview:-1"},"canonical":"https:\/\/prixjeanfrancoisprat.com\/en\/robert-saint-esteben-testimonial\/","og_locale":"en_US","og_type":"article","og_title":"Robert Saint-Esteben testimonial - Prix Jean Fran\u00e7ois Prat","og_description":"It was totally unreasonable to ask me to prepare this introduction to the second edition [&hellip;]","og_url":"https:\/\/prixjeanfrancoisprat.com\/en\/robert-saint-esteben-testimonial\/","og_site_name":"Prix Jean Fran\u00e7ois Prat","article_modified_time":"2019-03-15T10:19:45+00:00","twitter_card":"summary_large_image","twitter_misc":{"Est. reading time":"3 minutes"},"schema":{"@context":"https:\/\/schema.org","@graph":[{"@type":"WebPage","@id":"https:\/\/prixjeanfrancoisprat.com\/en\/robert-saint-esteben-testimonial\/","url":"https:\/\/prixjeanfrancoisprat.com\/en\/robert-saint-esteben-testimonial\/","name":"Robert Saint-Esteben testimonial - Prix Jean Fran\u00e7ois Prat","isPartOf":{"@id":"https:\/\/prixjeanfrancoisprat.com\/#website"},"datePublished":"2019-03-15T10:19:44+00:00","dateModified":"2019-03-15T10:19:45+00:00","breadcrumb":{"@id":"https:\/\/prixjeanfrancoisprat.com\/en\/robert-saint-esteben-testimonial\/#breadcrumb"},"inLanguage":"en-US","potentialAction":[{"@type":"ReadAction","target":["https:\/\/prixjeanfrancoisprat.com\/en\/robert-saint-esteben-testimonial\/"]}]},{"@type":"BreadcrumbList","@id":"https:\/\/prixjeanfrancoisprat.com\/en\/robert-saint-esteben-testimonial\/#breadcrumb","itemListElement":[{"@type":"ListItem","position":1,"name":"Accueil","item":"https:\/\/prixjeanfrancoisprat.com\/en\/"},{"@type":"ListItem","position":2,"name":"Robert Saint-Esteben testimonial"}]},{"@type":"WebSite","@id":"https:\/\/prixjeanfrancoisprat.com\/#website","url":"https:\/\/prixjeanfrancoisprat.com\/","name":"Prix Jean Fran\u00e7ois Prat","description":"","publisher":{"@id":"https:\/\/prixjeanfrancoisprat.com\/#organization"},"potentialAction":[{"@type":"SearchAction","target":{"@type":"EntryPoint","urlTemplate":"https:\/\/prixjeanfrancoisprat.com\/?s={search_term_string}"},"query-input":{"@type":"PropertyValueSpecification","valueRequired":true,"valueName":"search_term_string"}}],"inLanguage":"en-US"},{"@type":"Organization","@id":"https:\/\/prixjeanfrancoisprat.com\/#organization","name":"Prix Jean Fran\u00e7ois Prat","url":"https:\/\/prixjeanfrancoisprat.com\/","logo":{"@type":"ImageObject","inLanguage":"en-US","@id":"https:\/\/prixjeanfrancoisprat.com\/#\/schema\/logo\/image\/","url":"https:\/\/prixjeanfrancoisprat.com\/wp-content\/uploads\/2025\/05\/cropped-cropped-Capture-decran-2025-05-13-a-19.34.16-1.png","contentUrl":"https:\/\/prixjeanfrancoisprat.com\/wp-content\/uploads\/2025\/05\/cropped-cropped-Capture-decran-2025-05-13-a-19.34.16-1.png","width":1646,"height":328,"caption":"Prix Jean Fran\u00e7ois Prat"},"image":{"@id":"https:\/\/prixjeanfrancoisprat.com\/#\/schema\/logo\/image\/"}}]}},"_links":{"self":[{"href":"https:\/\/prixjeanfrancoisprat.com\/en\/wp-json\/wp\/v2\/pages\/1262","targetHints":{"allow":["GET"]}}],"collection":[{"href":"https:\/\/prixjeanfrancoisprat.com\/en\/wp-json\/wp\/v2\/pages"}],"about":[{"href":"https:\/\/prixjeanfrancoisprat.com\/en\/wp-json\/wp\/v2\/types\/page"}],"author":[{"embeddable":true,"href":"https:\/\/prixjeanfrancoisprat.com\/en\/wp-json\/wp\/v2\/users\/2"}],"replies":[{"embeddable":true,"href":"https:\/\/prixjeanfrancoisprat.com\/en\/wp-json\/wp\/v2\/comments?post=1262"}],"version-history":[{"count":1,"href":"https:\/\/prixjeanfrancoisprat.com\/en\/wp-json\/wp\/v2\/pages\/1262\/revisions"}],"predecessor-version":[{"id":1270,"href":"https:\/\/prixjeanfrancoisprat.com\/en\/wp-json\/wp\/v2\/pages\/1262\/revisions\/1270"}],"wp:attachment":[{"href":"https:\/\/prixjeanfrancoisprat.com\/en\/wp-json\/wp\/v2\/media?parent=1262"}],"curies":[{"name":"wp","href":"https:\/\/api.w.org\/{rel}","templated":true}]}}